{"id":133,"date":"2018-04-18T13:46:13","date_gmt":"2018-04-18T13:46:13","guid":{"rendered":"https:\/\/gitarre.tirol\/?page_id=133"},"modified":"2018-05-08T07:52:58","modified_gmt":"2018-05-08T07:52:58","slug":"home","status":"publish","type":"page","link":"https:\/\/gitarre.tirol\/","title":{"rendered":"Home"},"content":{"rendered":"<p>[et_pb_section fb_built=&#8220;1&#8243; fullwidth=&#8220;on&#8220; module_id=&#8220;big-logo&#8220; _builder_version=&#8220;3.0.106&#8243; custom_margin=&#8220;-70px|||&#8220; custom_margin_tablet=&#8220;0px|||&#8220; custom_margin_phone=&#8220;|||&#8220; custom_margin_last_edited=&#8220;on|desktop&#8220; custom_padding=&#8220;10px|0px|0|0px&#8220;][et_pb_fullwidth_header text_orientation=&#8220;center&#8220; logo_image_url=&#8220;https:\/\/gitarre.tirol\/wp-content\/uploads\/2018\/05\/logoname@3x-8-300&#215;153.png&#8220; disabled_on=&#8220;on|on|off&#8220; _builder_version=&#8220;3.2&#8243; title_font=&#8220;|||on|&#8220; title_font_size=&#8220;45px&#8220; background_color=&#8220;rgba(255,255,255,0)&#8220; background_layout=&#8220;light&#8220;][\/et_pb_fullwidth_header][et_pb_fullwidth_slider show_arrows=&#8220;off&#8220; _builder_version=&#8220;3.2&#8243; background_image=&#8220;https:\/\/gitarre.tirol\/wp-content\/uploads\/2018\/05\/hero5.jpg&#8220; custom_padding=&#8220;|||&#8220; auto=&#8220;on&#8220;][et_pb_slide use_bg_overlay=&#8220;off&#8220; use_text_overlay=&#8220;off&#8220; _builder_version=&#8220;3.2&#8243; header_font=&#8220;||||&#8220; body_font=&#8220;||||&#8220; background_color=&#8220;#ffffff&#8220; background_image=&#8220;https:\/\/gitarre.tirol\/wp-content\/uploads\/2018\/05\/hero0.jpg&#8220; button_icon_placement=&#8220;right&#8220; button_on_hover=&#8220;on&#8220; filter_sepia=&#8220;10%&#8220;][\/et_pb_slide][et_pb_slide use_bg_overlay=&#8220;off&#8220; use_text_overlay=&#8220;off&#8220; _builder_version=&#8220;3.2&#8243; header_font=&#8220;||||&#8220; body_font=&#8220;||||&#8220; background_color=&#8220;#ffffff&#8220; background_image=&#8220;https:\/\/gitarre.tirol\/wp-content\/uploads\/2018\/04\/Nr_13_2015_16_Modell_GK_2014_11.jpg&#8220; button_icon_placement=&#8220;right&#8220; button_on_hover=&#8220;on&#8220; filter_saturate=&#8220;86%&#8220; filter_brightness=&#8220;99%&#8220; filter_contrast=&#8220;113%&#8220; filter_sepia=&#8220;44%&#8220;][\/et_pb_slide][et_pb_slide use_bg_overlay=&#8220;off&#8220; use_text_overlay=&#8220;off&#8220; _builder_version=&#8220;3.2&#8243; header_font=&#8220;||||&#8220; body_font=&#8220;||||&#8220; background_color=&#8220;#ffffff&#8220; background_image=&#8220;https:\/\/gitarre.tirol\/wp-content\/uploads\/2018\/04\/Nr_13_2015_16_Modell_GK_2014_05.jpg&#8220; button_icon_placement=&#8220;right&#8220; button_on_hover=&#8220;on&#8220; filter_saturate=&#8220;76%&#8220; filter_brightness=&#8220;90%&#8220; filter_contrast=&#8220;114%&#8220; filter_sepia=&#8220;35%&#8220;][\/et_pb_slide][et_pb_slide use_bg_overlay=&#8220;off&#8220; use_text_overlay=&#8220;off&#8220; _builder_version=&#8220;3.2&#8243; header_font=&#8220;||||&#8220; body_font=&#8220;||||&#8220; background_color=&#8220;#ffffff&#8220; background_image=&#8220;https:\/\/gitarre.tirol\/wp-content\/uploads\/2018\/04\/hero2.jpg&#8220; button_icon_placement=&#8220;right&#8220; button_on_hover=&#8220;on&#8220; filter_saturate=&#8220;64%&#8220; filter_sepia=&#8220;9%&#8220;][\/et_pb_slide][et_pb_slide use_bg_overlay=&#8220;off&#8220; use_text_overlay=&#8220;off&#8220; _builder_version=&#8220;3.2&#8243; background_color=&#8220;#ffffff&#8220; background_image=&#8220;https:\/\/gitarre.tirol\/wp-content\/uploads\/2018\/05\/hero6.jpg&#8220; button_on_hover=&#8220;on&#8220; filter_sepia=&#8220;13%&#8220;][\/et_pb_slide][\/et_pb_fullwidth_slider][et_pb_fullwidth_header text_orientation=&#8220;center&#8220; logo_image_url=&#8220;https:\/\/gitarre.tirol\/wp-content\/uploads\/2018\/05\/logoname@3x-8-300&#215;153.png&#8220; disabled_on=&#8220;off|off|on&#8220; _builder_version=&#8220;3.2&#8243; title_font=&#8220;|||on|&#8220; title_font_size=&#8220;45px&#8220; background_color=&#8220;rgba(255, 255, 255, 0)&#8220; background_layout=&#8220;light&#8220;][\/et_pb_fullwidth_header][\/et_pb_section][et_pb_section fb_built=&#8220;1&#8243; admin_label=&#8220;section&#8220; _builder_version=&#8220;3.0.106&#8243; background_color_gradient_direction=&#8220;90deg&#8220; background_image=&#8220;https:\/\/gitarre.tirol\/wp-content\/uploads\/2018\/04\/news_backdrop3.jpg&#8220; background_size=&#8220;initial&#8220; background_position=&#8220;top_right&#8220; custom_padding=&#8220;|10%||0&#8243; bottom_divider_style=&#8220;ramp&#8220; bottom_divider_color=&#8220;#282828&#8243; bottom_divider_height=&#8220;52px&#8220; bottom_divider_flip=&#8220;horizontal&#8220;][et_pb_row custom_width_px=&#8220;500px&#8220; custom_padding=&#8220;180px|0px|260px|0&#8243; custom_padding_tablet=&#8220;180px|0px|260px|0px&#8220; custom_padding_phone=&#8220;130px|0px|250px|0&#8243; custom_padding_last_edited=&#8220;on|desktop&#8220; admin_label=&#8220;row&#8220; _builder_version=&#8220;3.0.106&#8243;][et_pb_column type=&#8220;4_4&#8243; _builder_version=&#8220;3.0.47&#8243; parallax=&#8220;off&#8220; parallax_method=&#8220;on&#8220;][et_pb_blurb use_icon=&#8220;on&#8220; font_icon=&#8220;%%90%%&#8220; icon_placement=&#8220;left&#8220; content_max_width=&#8220;813px&#8220; use_icon_font_size=&#8220;on&#8220; icon_font_size=&#8220;120px&#8220; icon_font_size_phone=&#8220;60px&#8220; icon_font_size_last_edited=&#8220;on|tablet&#8220; _builder_version=&#8220;3.0.106&#8243; header_font=&#8220;||||||||&#8220; body_font=&#8220;Crimson Text||||||||&#8220; body_font_size=&#8220;35px&#8220; body_font_size_tablet=&#8220;25px&#8220; body_font_size_phone=&#8220;20px&#8220; body_font_size_last_edited=&#8220;on|phone&#8220; body_line_height=&#8220;1.5em&#8220; border_color_all_image=&#8220;#eac52d&#8220;]Ich sch\u00e4tze an Instrumenten einen gestaltungsf\u00e4higen, vielf\u00e4ltigen und obertonreichen Klang. Die ausgewogene Balance im gesamten Tonumfang ist wesentlich f\u00fcr mich.<\/p>\n<p>Bei der optischen Gestaltung strebe ich klassische Eleganz an und liebe es, die Strukturen des Holzes zur Geltung zu bringen.<br \/>\n[\/et_pb_blurb][\/et_pb_column][\/et_pb_row][\/et_pb_section][et_pb_section fb_built=&#8220;1&#8243; _builder_version=&#8220;3.0.106&#8243; background_color=&#8220;#282828&#8243; custom_padding=&#8220;13px|0px|0|0px&#8220;][et_pb_row custom_width_px=&#8220;1400px&#8220; custom_padding=&#8220;90px|0|50px|0&#8243; custom_margin=&#8220;|||&#8220; _builder_version=&#8220;3.0.106&#8243;][et_pb_column type=&#8220;1_3&#8243; _builder_version=&#8220;3.0.47&#8243; parallax=&#8220;off&#8220; parallax_method=&#8220;on&#8220;][et_pb_image src=&#8220;https:\/\/gitarre.tirol\/wp-content\/uploads\/2018\/04\/hist.jpg&#8220; url=&#8220;https:\/\/gitarre.tirol\/index.php\/historische-instrumente\/&#8220; module_class=&#8220;image-zoom&#8220; _builder_version=&#8220;3.0.106&#8243; border_radii=&#8220;on|300px|300px|300px|300px&#8220; max_width=&#8220;90%&#8220; module_alignment=&#8220;center&#8220;][\/et_pb_image][et_pb_button button_url=&#8220;https:\/\/gitarre.tirol\/index.php\/historische-instrumente\/&#8220; button_text=&#8220;historische Instrumente&#8220; button_alignment=&#8220;center&#8220; _builder_version=&#8220;3.0.106&#8243; custom_button=&#8220;on&#8220; button_text_size=&#8220;26px&#8220; button_border_width=&#8220;0px&#8220; button_border_radius=&#8220;0px&#8220; button_font=&#8220;Crimson Text||||||||&#8220; button_bg_color_hover=&#8220;rgba(30,30,30,0)&#8220; button_text_size_last_edited=&#8220;off|desktop&#8220; background_layout=&#8220;dark&#8220;][\/et_pb_button][\/et_pb_column][et_pb_column type=&#8220;1_3&#8243; _builder_version=&#8220;3.0.47&#8243; parallax=&#8220;off&#8220; parallax_method=&#8220;on&#8220;][et_pb_image src=&#8220;https:\/\/gitarre.tirol\/wp-content\/uploads\/2018\/04\/bio.jpg&#8220; url=&#8220;https:\/\/gitarre.tirol\/index.php\/biografie\/&#8220; module_class=&#8220;image-zoom&#8220; _builder_version=&#8220;3.0.106&#8243; border_radii=&#8220;on|300px|300px|300px|300px&#8220; max_width=&#8220;90%&#8220; module_alignment=&#8220;center&#8220;][\/et_pb_image][et_pb_button button_url=&#8220;https:\/\/gitarre.tirol\/index.php\/biografie\/&#8220; button_text=&#8220;Biografie&#8220; button_alignment=&#8220;center&#8220; _builder_version=&#8220;3.0.106&#8243; custom_button=&#8220;on&#8220; button_text_size=&#8220;26px&#8220; button_border_width=&#8220;0px&#8220; button_border_radius=&#8220;0px&#8220; button_font=&#8220;Crimson Text||||||||&#8220; button_bg_color_hover=&#8220;rgba(30,30,30,0)&#8220; button_text_size_last_edited=&#8220;off|desktop&#8220; background_layout=&#8220;dark&#8220;][\/et_pb_button][\/et_pb_column][et_pb_column type=&#8220;1_3&#8243; _builder_version=&#8220;3.0.47&#8243; parallax=&#8220;off&#8220; parallax_method=&#8220;on&#8220;][et_pb_image src=&#8220;https:\/\/gitarre.tirol\/wp-content\/uploads\/2018\/04\/guitars.jpg&#8220; url=&#8220;https:\/\/gitarre.tirol\/index.php\/gitarren\/&#8220; module_class=&#8220;image-zoom&#8220; _builder_version=&#8220;3.0.106&#8243; border_radii=&#8220;on|300px|300px|300px|300px&#8220; max_width=&#8220;90%&#8220; module_alignment=&#8220;center&#8220;][\/et_pb_image][et_pb_button button_url=&#8220;https:\/\/gitarre.tirol\/index.php\/gitarren\/&#8220; button_text=&#8220;Gitarren&#8220; button_alignment=&#8220;center&#8220; _builder_version=&#8220;3.0.106&#8243; custom_button=&#8220;on&#8220; button_text_size=&#8220;26px&#8220; button_border_width=&#8220;0px&#8220; button_border_radius=&#8220;0px&#8220; button_font=&#8220;Crimson Text||||||||&#8220; button_bg_color_hover=&#8220;rgba(30,30,30,0)&#8220; button_text_size_last_edited=&#8220;off|desktop&#8220; background_layout=&#8220;dark&#8220;][\/et_pb_button][\/et_pb_column][\/et_pb_row][\/et_pb_section]<\/p>\n","protected":false},"excerpt":{"rendered":"<p>Ich sch\u00e4tze an Instrumenten einen gestaltungsf\u00e4higen, vielf\u00e4ltigen und obertonreichen Klang. Die ausgewogene Balance im gesamten Tonumfang ist wesentlich f\u00fcr mich. Bei der optischen Gestaltung strebe ich klassische Eleganz an und liebe es, die Strukturen des Holzes zur Geltung zu bringen.<\/p>\n","protected":false},"author":1,"featured_media":0,"parent":0,"menu_order":0,"comment_status":"closed","ping_status":"closed","template":"","meta":{"_et_pb_use_builder":"on","_et_pb_old_content":"","_et_gb_content_width":"","footnotes":""},"_links":{"self":[{"href":"https:\/\/gitarre.tirol\/index.php\/wp-json\/wp\/v2\/pages\/133"}],"collection":[{"href":"https:\/\/gitarre.tirol\/index.php\/wp-json\/wp\/v2\/pages"}],"about":[{"href":"https:\/\/gitarre.tirol\/index.php\/wp-json\/wp\/v2\/types\/page"}],"author":[{"embeddable":true,"href":"https:\/\/gitarre.tirol\/index.php\/wp-json\/wp\/v2\/users\/1"}],"replies":[{"embeddable":true,"href":"https:\/\/gitarre.tirol\/index.php\/wp-json\/wp\/v2\/comments?post=133"}],"version-history":[{"count":50,"href":"https:\/\/gitarre.tirol\/index.php\/wp-json\/wp\/v2\/pages\/133\/revisions"}],"predecessor-version":[{"id":656,"href":"https:\/\/gitarre.tirol\/index.php\/wp-json\/wp\/v2\/pages\/133\/revisions\/656"}],"wp:attachment":[{"href":"https:\/\/gitarre.tirol\/index.php\/wp-json\/wp\/v2\/media?parent=133"}],"curies":[{"name":"wp","href":"https:\/\/api.w.org\/{rel}","templated":true}]}}